{"id":54,"date":"2016-03-10T15:03:20","date_gmt":"2016-03-10T14:03:20","guid":{"rendered":"http:\/\/www.jirku.eu\/?page_id=54"},"modified":"2018-05-23T08:10:52","modified_gmt":"2018-05-23T06:10:52","slug":"dokumenty","status":"publish","type":"page","link":"https:\/\/www.jirku.eu\/?page_id=54","title":{"rendered":"Dokumenty"},"content":{"rendered":"<p><strong><a href=\"http:\/\/websouhlasy.kr-stredocesky.cz\/detail.php?zrzident=CZS00118&amp;tech=11.1.0&amp;page=1\" target=\"_blank\">Zde<\/a><\/strong>\u00a0naleznete seznam povolen\u00fdch odpad\u016f.<\/p>\n<p><a href=\"http:\/\/www.jirku.eu\/wp-content\/uploads\/2016\/03\/Doklad-o-likvidaci-kotlov\u00e9ho-t\u011blesa.pdf\" rel=\"\">Doklad o likvidaci kotlov\u00e9ho t\u011blesa<\/a><\/p>\n","protected":false},"excerpt":{"rendered":"<p>Zde\u00a0naleznete seznam povolen\u00fdch odpad\u016f. Doklad o likvidaci kotlov\u00e9ho t\u011blesa<\/p>\n","protected":false},"author":1,"featured_media":0,"parent":0,"menu_order":6,"comment_status":"closed","ping_status":"closed","template":"","meta":{"footnotes":""},"class_list":["post-54","page","type-page","status-publish","hentry"],"_links":{"self":[{"href":"https:\/\/www.jirku.eu\/index.php?rest_route=\/wp\/v2\/pages\/54"}],"collection":[{"href":"https:\/\/www.jirku.eu\/index.php?rest_route=\/wp\/v2\/pages"}],"about":[{"href":"https:\/\/www.jirku.eu\/index.php?rest_route=\/wp\/v2\/types\/page"}],"author":[{"embeddable":true,"href":"https:\/\/www.jirku.eu\/index.php?rest_route=\/wp\/v2\/users\/1"}],"replies":[{"embeddable":true,"href":"https:\/\/www.jirku.eu\/index.php?rest_route=%2Fwp%2Fv2%2Fcomments&post=54"}],"version-history":[{"count":6,"href":"https:\/\/www.jirku.eu\/index.php?rest_route=\/wp\/v2\/pages\/54\/revisions"}],"predecessor-version":[{"id":73,"href":"https:\/\/www.jirku.eu\/index.php?rest_route=\/wp\/v2\/pages\/54\/revisions\/73"}],"wp:attachment":[{"href":"https:\/\/www.jirku.eu\/index.php?rest_route=%2Fwp%2Fv2%2Fmedia&parent=54"}],"curies":[{"name":"wp","href":"https:\/\/api.w.org\/{rel}","templated":true}]}}