{"id":52,"date":"2016-03-10T15:01:03","date_gmt":"2016-03-10T14:01:03","guid":{"rendered":"http:\/\/www.jirku.eu\/?page_id=52"},"modified":"2016-03-10T15:10:34","modified_gmt":"2016-03-10T14:10:34","slug":"zpetny-odber-a-oddeleny-sber","status":"publish","type":"page","link":"https:\/\/www.jirku.eu\/?page_id=52","title":{"rendered":"Zp\u011btn\u00fd odb\u011br a odd\u011blen\u00fd sb\u011br"},"content":{"rendered":"<p>Nab\u00edz\u00edme zp\u011btn\u00fd odb\u011br elektronick\u00fdch za\u0159\u00edzen\u00ed, ve spolupr\u00e1ci s firmou REMA syst\u00e9m, a.s. . Konkr\u00e9tn\u011b se jedn\u00e1 o tyto druhy elektronick\u00fdch za\u0159\u00edzen\u00ed dle Vyhl\u00e1\u0161ky 352\/2005 Sb. :<\/p>\n<ul>\n<li><strong>velk\u00e9 dom\u00e1c\u00ed spot\u0159ebi\u010de<\/strong> (chladni\u010dky, mrazni\u010dky, pra\u010dky, su\u0161i\u010dky, my\u010dky n\u00e1dob\u00ed, el. trouby, el. spor\u00e1ky, plotny, mikrovlnky, topidla, el. radi\u00e1tory, el. ventil\u00e1tory, klimatiza\u010dn\u00ed za\u0159\u00edzen\u00ed, apod.)<\/li>\n<li><strong>mal\u00e9 dom\u00e1c\u00ed spot\u0159ebi\u010de<\/strong> (vysava\u010de, \u0161ic\u00ed\/ pletac\u00ed stroje, \u017eehli\u010dky, topinkova\u010de, fritovac\u00ed hrnce, k\u00e1vovary, el. strojky na vlasy, el. zubn\u00ed kart\u00e1\u010dky, hodiny, v\u00e1hy, apod.)<\/li>\n<li><strong>za\u0159\u00edzen\u00ed informa\u010dn\u00edch technologi\u00ed a telekomunika\u010dn\u00ed za\u0159\u00edzen\u00ed<\/strong> (velk\u00e9 a mal\u00e9 po\u010d\u00edta\u010de, servery, tisk\u00e1rny, PC p\u0159\u00edslu\u0161enstv\u00ed, laptopy, notebooky, kalkula\u010dky, faxy, telefony, mobiln\u00ed telefony, z\u00e1znamn\u00edky, tablety, apod.)<\/li>\n<li><strong>spot\u0159ebitelsk\u00e1 za\u0159\u00edzen\u00ed<\/strong> (r\u00e1dia, televizory, videokamery, videorekord\u00e9ry, reproduktory, el. hudebn\u00ed n\u00e1stroje, apod.) a sol\u00e1rn\u00ed panely<\/li>\n<li><strong>osv\u011btlovac\u00ed za\u0159\u00edzen\u00ed<\/strong> (trubicov\u00e9 z\u00e1\u0159ivky, kompaktn\u00ed z\u00e1\u0159ivky, v\u00fdbojky, apod.)<\/li>\n<li><strong>elektrick\u00e9 a elektronick\u00e9 n\u00e1stroje<\/strong> (vrta\u010dky, pily, fr\u00e9zy, brusky, seka\u010dky, n\u00fdtova\u010dky, el. \u0161roubov\u00e1ky, p\u00e1jky, sv\u00e1\u0159e\u010dky, el. post\u0159ikova\u010de, apod.)<\/li>\n<li><strong>hra\u010dky, vybaven\u00ed pro voln\u00fd \u010das a sporty<\/strong> (el. vl\u00e1\u010dky, autodr\u00e1hy, videohry + ovlada\u010de, sportovn\u00ed po\u010d\u00edta\u010de, v\u00fdhern\u00ed automaty, apod.)<\/li>\n<li><strong>l\u00e9ka\u0159sk\u00e9 p\u0159\u00edstroje s v\u00fdjimkou v\u0161ech implantovan\u00fdch a infikovan\u00fdch v\u00fdrobk\u016f<\/strong>(pou\u017e\u00edvan\u00e9 v radioterapii, kardiologii, hemodial\u00fdze, respira\u010dn\u00ed a anesteziologick\u00e9 praxi, nukle\u00e1rn\u00ed medic\u00edn\u011b, in-vitro diagnostice, anal\u00fdze fyziologick\u00fdch funkc\u00ed, mrazen\u00ed pro \u00fa\u010dely poskytov\u00e1n\u00ed zdravotn\u00ed p\u00e9\u010de, diagnostice ultrazvukem, apod.)<\/li>\n<li><strong>p\u0159\u00edstroje pro monitorov\u00e1n\u00ed a kontrolu<\/strong> (detektory kou\u0159e, regul\u00e1tory topen\u00ed, termostaty, apod.)<\/li>\n<li><strong>v\u00fddejn\u00ed automaty<\/strong> (na hork\u00e9 n\u00e1poje, na chlazen\u00e9 n\u00e1poje, na tuh\u00e9 v\u00fdrobky, na pen\u00edze, apod.)<\/li>\n<li><strong>baterie a akumul\u00e1tory<\/strong><\/li>\n<\/ul>\n","protected":false},"excerpt":{"rendered":"<p>Nab\u00edz\u00edme zp\u011btn\u00fd odb\u011br elektronick\u00fdch za\u0159\u00edzen\u00ed, ve spolupr\u00e1ci s firmou REMA syst\u00e9m, a.s. . Konkr\u00e9tn\u011b se jedn\u00e1 o tyto druhy elektronick\u00fdch za\u0159\u00edzen\u00ed dle Vyhl\u00e1\u0161ky 352\/2005 Sb. : velk\u00e9 dom\u00e1c\u00ed spot\u0159ebi\u010de (chladni\u010dky, mrazni\u010dky, pra\u010dky, su\u0161i\u010dky, my\u010dky n\u00e1dob\u00ed, el. trouby, el. spor\u00e1ky, plotny, mikrovlnky, topidla, el. radi\u00e1tory, el. ventil\u00e1tory, klimatiza\u010dn\u00ed za\u0159\u00edzen\u00ed, apod.) mal\u00e9 dom\u00e1c\u00ed spot\u0159ebi\u010de (vysava\u010de, \u0161ic\u00ed\/ pletac\u00ed [&hellip;]<\/p>\n","protected":false},"author":1,"featured_media":0,"parent":0,"menu_order":3,"comment_status":"closed","ping_status":"closed","template":"","meta":{"footnotes":""},"class_list":["post-52","page","type-page","status-publish","hentry"],"_links":{"self":[{"href":"https:\/\/www.jirku.eu\/index.php?rest_route=\/wp\/v2\/pages\/52"}],"collection":[{"href":"https:\/\/www.jirku.eu\/index.php?rest_route=\/wp\/v2\/pages"}],"about":[{"href":"https:\/\/www.jirku.eu\/index.php?rest_route=\/wp\/v2\/types\/page"}],"author":[{"embeddable":true,"href":"https:\/\/www.jirku.eu\/index.php?rest_route=\/wp\/v2\/users\/1"}],"replies":[{"embeddable":true,"href":"https:\/\/www.jirku.eu\/index.php?rest_route=%2Fwp%2Fv2%2Fcomments&post=52"}],"version-history":[{"count":3,"href":"https:\/\/www.jirku.eu\/index.php?rest_route=\/wp\/v2\/pages\/52\/revisions"}],"predecessor-version":[{"id":59,"href":"https:\/\/www.jirku.eu\/index.php?rest_route=\/wp\/v2\/pages\/52\/revisions\/59"}],"wp:attachment":[{"href":"https:\/\/www.jirku.eu\/index.php?rest_route=%2Fwp%2Fv2%2Fmedia&parent=52"}],"curies":[{"name":"wp","href":"https:\/\/api.w.org\/{rel}","templated":true}]}}