{"id":2,"date":"2015-04-30T17:55:10","date_gmt":"2015-04-30T17:55:10","guid":{"rendered":"http:\/\/www.jirku.eu\/?page_id=2"},"modified":"2015-04-30T21:54:28","modified_gmt":"2015-04-30T19:54:28","slug":"zkusebni-stranka","status":"publish","type":"page","link":"https:\/\/www.jirku.eu\/?page_id=2","title":{"rendered":"O n\u00e1s"},"content":{"rendered":"<p>Jsme firma s v\u00edce ne\u017e dvacetiletou tradic\u00ed a zku\u0161enostmi ve vykupov\u00e1n\u00ed \u017eeleza, barevn\u00fdch kov\u016f a pap\u00edru.<\/p>\n","protected":false},"excerpt":{"rendered":"<p>Jsme firma s v\u00edce ne\u017e dvacetiletou tradic\u00ed a zku\u0161enostmi ve vykupov\u00e1n\u00ed \u017eeleza, barevn\u00fdch kov\u016f a pap\u00edru.<\/p>\n","protected":false},"author":1,"featured_media":0,"parent":0,"menu_order":1,"comment_status":"closed","ping_status":"closed","template":"","meta":{"footnotes":""},"class_list":["post-2","page","type-page","status-publish","hentry"],"_links":{"self":[{"href":"https:\/\/www.jirku.eu\/index.php?rest_route=\/wp\/v2\/pages\/2"}],"collection":[{"href":"https:\/\/www.jirku.eu\/index.php?rest_route=\/wp\/v2\/pages"}],"about":[{"href":"https:\/\/www.jirku.eu\/index.php?rest_route=\/wp\/v2\/types\/page"}],"author":[{"embeddable":true,"href":"https:\/\/www.jirku.eu\/index.php?rest_route=\/wp\/v2\/users\/1"}],"replies":[{"embeddable":true,"href":"https:\/\/www.jirku.eu\/index.php?rest_route=%2Fwp%2Fv2%2Fcomments&post=2"}],"version-history":[{"count":2,"href":"https:\/\/www.jirku.eu\/index.php?rest_route=\/wp\/v2\/pages\/2\/revisions"}],"predecessor-version":[{"id":18,"href":"https:\/\/www.jirku.eu\/index.php?rest_route=\/wp\/v2\/pages\/2\/revisions\/18"}],"wp:attachment":[{"href":"https:\/\/www.jirku.eu\/index.php?rest_route=%2Fwp%2Fv2%2Fmedia&parent=2"}],"curies":[{"name":"wp","href":"https:\/\/api.w.org\/{rel}","templated":true}]}}