{"id":12,"date":"2015-04-30T21:26:02","date_gmt":"2015-04-30T19:26:02","guid":{"rendered":"http:\/\/www.jirku.eu\/?page_id=12"},"modified":"2016-03-10T15:02:21","modified_gmt":"2016-03-10T14:02:21","slug":"oteviraci-doba","status":"publish","type":"page","link":"https:\/\/www.jirku.eu\/?page_id=12","title":{"rendered":"Otev\u00edrac\u00ed doba"},"content":{"rendered":"<p>Jsme tu pro V\u00e1s od pond\u011bl\u00ed do p\u00e1tku n\u00e1sledovn\u011b:<\/p>\n<p><strong>Pond\u011bl\u00ed<\/strong>\u00a0 \u00a0 \u00a0 \u00a0 \u00a06:00-14:00<\/p>\n<p><strong>\u00dater\u00fd<\/strong>\u00a0 \u00a0 \u00a0 \u00a0 \u00a0 \u00a0 \u00a06:00-14:00<\/p>\n<p><strong>St\u0159eda<\/strong>\u00a0 \u00a0 \u00a0 \u00a0 \u00a0 \u00a06:00-16:00<\/p>\n<p><strong>\u010ctvrtek<\/strong>\u00a0 \u00a0 \u00a0 \u00a0 \u00a06:00-14:00<\/p>\n<p><strong>P\u00e1tek<\/strong>\u00a0 \u00a0 \u00a0 \u00a0 \u00a0 \u00a0 \u00a06:00-12:00<\/p>\n","protected":false},"excerpt":{"rendered":"<p>Jsme tu pro V\u00e1s od pond\u011bl\u00ed do p\u00e1tku n\u00e1sledovn\u011b: Pond\u011bl\u00ed\u00a0 \u00a0 \u00a0 \u00a0 \u00a06:00-14:00 \u00dater\u00fd\u00a0 \u00a0 \u00a0 \u00a0 \u00a0 \u00a0 \u00a06:00-14:00 St\u0159eda\u00a0 \u00a0 \u00a0 \u00a0 \u00a0 \u00a06:00-16:00 \u010ctvrtek\u00a0 \u00a0 \u00a0 \u00a0 \u00a06:00-14:00 P\u00e1tek\u00a0 \u00a0 \u00a0 \u00a0 \u00a0 \u00a0 \u00a06:00-12:00<\/p>\n","protected":false},"author":1,"featured_media":0,"parent":0,"menu_order":4,"comment_status":"closed","ping_status":"closed","template":"","meta":{"footnotes":""},"class_list":["post-12","page","type-page","status-publish","hentry"],"_links":{"self":[{"href":"https:\/\/www.jirku.eu\/index.php?rest_route=\/wp\/v2\/pages\/12"}],"collection":[{"href":"https:\/\/www.jirku.eu\/index.php?rest_route=\/wp\/v2\/pages"}],"about":[{"href":"https:\/\/www.jirku.eu\/index.php?rest_route=\/wp\/v2\/types\/page"}],"author":[{"embeddable":true,"href":"https:\/\/www.jirku.eu\/index.php?rest_route=\/wp\/v2\/users\/1"}],"replies":[{"embeddable":true,"href":"https:\/\/www.jirku.eu\/index.php?rest_route=%2Fwp%2Fv2%2Fcomments&post=12"}],"version-history":[{"count":3,"href":"https:\/\/www.jirku.eu\/index.php?rest_route=\/wp\/v2\/pages\/12\/revisions"}],"predecessor-version":[{"id":31,"href":"https:\/\/www.jirku.eu\/index.php?rest_route=\/wp\/v2\/pages\/12\/revisions\/31"}],"wp:attachment":[{"href":"https:\/\/www.jirku.eu\/index.php?rest_route=%2Fwp%2Fv2%2Fmedia&parent=12"}],"curies":[{"name":"wp","href":"https:\/\/api.w.org\/{rel}","templated":true}]}}