{"id":10,"date":"2015-04-30T21:22:57","date_gmt":"2015-04-30T19:22:57","guid":{"rendered":"http:\/\/www.jirku.eu\/?page_id=10"},"modified":"2016-03-10T15:12:36","modified_gmt":"2016-03-10T14:12:36","slug":"sluzby","status":"publish","type":"page","link":"https:\/\/www.jirku.eu\/?page_id=10","title":{"rendered":"Slu\u017eby"},"content":{"rendered":"<p>Nab\u00edz\u00edme:<\/p>\n<ul>\n<li>V\u00fdkup odpadu (\u017eelezn\u00fd \u0161rot, barevn\u00e9 kovy)<\/li>\n<li>Odvoz \u017eelezn\u00e9ho \u0161rotu<\/li>\n<li>Auto s hydraulickou rukou<\/li>\n<li>P\u0159istaven\u00ed kontejneru na V\u00e1mi zvolen\u00e9 m\u00edsto<\/li>\n<li>Zp\u011btn\u00fd odb\u011br olov\u011bn\u00fdch bateri\u00ed<\/li>\n<li>Zp\u011btn\u00fd odb\u011br elekroza\u0159\u00edzen\u00ed a odd\u011blen\u00fd sb\u011br odpad\u016f z pr\u016fmyslov\u00e9ho elektroza\u0159\u00edzen\u00ed<\/li>\n<\/ul>\n","protected":false},"excerpt":{"rendered":"<p>Nab\u00edz\u00edme: V\u00fdkup odpadu (\u017eelezn\u00fd \u0161rot, barevn\u00e9 kovy) Odvoz \u017eelezn\u00e9ho \u0161rotu Auto s hydraulickou rukou P\u0159istaven\u00ed kontejneru na V\u00e1mi zvolen\u00e9 m\u00edsto Zp\u011btn\u00fd odb\u011br olov\u011bn\u00fdch bateri\u00ed Zp\u011btn\u00fd odb\u011br elekroza\u0159\u00edzen\u00ed a odd\u011blen\u00fd sb\u011br odpad\u016f z pr\u016fmyslov\u00e9ho elektroza\u0159\u00edzen\u00ed<\/p>\n","protected":false},"author":1,"featured_media":0,"parent":0,"menu_order":2,"comment_status":"closed","ping_status":"closed","template":"","meta":{"footnotes":""},"class_list":["post-10","page","type-page","status-publish","hentry"],"_links":{"self":[{"href":"https:\/\/www.jirku.eu\/index.php?rest_route=\/wp\/v2\/pages\/10"}],"collection":[{"href":"https:\/\/www.jirku.eu\/index.php?rest_route=\/wp\/v2\/pages"}],"about":[{"href":"https:\/\/www.jirku.eu\/index.php?rest_route=\/wp\/v2\/types\/page"}],"author":[{"embeddable":true,"href":"https:\/\/www.jirku.eu\/index.php?rest_route=\/wp\/v2\/users\/1"}],"replies":[{"embeddable":true,"href":"https:\/\/www.jirku.eu\/index.php?rest_route=%2Fwp%2Fv2%2Fcomments&post=10"}],"version-history":[{"count":8,"href":"https:\/\/www.jirku.eu\/index.php?rest_route=\/wp\/v2\/pages\/10\/revisions"}],"predecessor-version":[{"id":61,"href":"https:\/\/www.jirku.eu\/index.php?rest_route=\/wp\/v2\/pages\/10\/revisions\/61"}],"wp:attachment":[{"href":"https:\/\/www.jirku.eu\/index.php?rest_route=%2Fwp%2Fv2%2Fmedia&parent=10"}],"curies":[{"name":"wp","href":"https:\/\/api.w.org\/{rel}","templated":true}]}}